{"id":268476,"date":"2021-01-28T10:21:54","date_gmt":"2021-01-28T10:21:54","guid":{"rendered":"https:\/\/www.sumbaphotostories.com\/conservation\/"},"modified":"2021-01-29T07:06:15","modified_gmt":"2021-01-29T07:06:15","slug":"conservation","status":"publish","type":"page","link":"https:\/\/sumbaphotostories.com\/fr\/conservation\/","title":{"rendered":"Conservation"},"content":{"rendered":"<p>[et_pb_section fb_built=&#8221;1&#8243; admin_label=&#8221;Hero Section&#8221; _builder_version=&#8221;4.8.1&#8243; use_background_color_gradient=&#8221;on&#8221; background_color_gradient_start=&#8221;rgba(244,240,233,0.9)&#8221; background_color_gradient_end=&#8221;rgba(244,240,233,0)&#8221; background_color_gradient_direction=&#8221;90deg&#8221; background_color_gradient_start_position=&#8221;30%&#8221; background_color_gradient_overlays_image=&#8221;on&#8221; background_image=&#8221;https:\/\/www.sumbaphotostories.com\/wp-content\/uploads\/2020\/02\/1970-01-01-08.00.00-606.jpg&#8221; background_position=&#8221;center_left&#8221; width_tablet=&#8221;80%&#8221; width_last_edited=&#8221;off|desktop&#8221; custom_margin=&#8221;|||&#8221; custom_padding=&#8221;119px|0px|119px|0px&#8221;][et_pb_row custom_padding_last_edited=&#8221;off|desktop&#8221; admin_label=&#8221;Hero Area&#8221; _builder_version=&#8221;3.25&#8243; custom_padding=&#8221;27px|0px|0px|0px&#8221;][et_pb_column type=&#8221;4_4&#8243; _builder_version=&#8221;3.25&#8243; custom_padding=&#8221;|||&#8221; custom_padding__hover=&#8221;|||&#8221;][et_pb_text admin_label=&#8221;Hero Title&#8221; _builder_version=&#8221;4.8.1&#8243; _dynamic_attributes=&#8221;content&#8221; text_font=&#8221;|700|||||||&#8221; text_font_size=&#8221;4em&#8221; header_font=&#8221;Alice||||||||&#8221; header_font_size=&#8221;80px&#8221; header_letter_spacing=&#8221;-3px&#8221; header_line_height=&#8221;1.1em&#8221; width=&#8221;60%&#8221; width_tablet=&#8221;80%&#8221; width_phone=&#8221;&#8221; width_last_edited=&#8221;on|desktop&#8221; custom_margin=&#8221;||0px|&#8221; custom_padding=&#8221;|||&#8221; animation_style=&#8221;slide&#8221; animation_direction=&#8221;left&#8221; animation_intensity_slide=&#8221;5%&#8221; animation_starting_opacity=&#8221;100%&#8221; text_font_size_tablet=&#8221;3em&#8221; text_font_size_phone=&#8221;2em&#8221; text_font_size_last_edited=&#8221;on|phone&#8221; header_font_size_tablet=&#8221;&#8221; header_font_size_phone=&#8221;60px&#8221; header_font_size_last_edited=&#8221;on|phone&#8221;]@ET-DC@eyJkeW5hbWljIjp0cnVlLCJjb250ZW50IjoicG9zdF90aXRsZSIsInNldHRpbmdzIjp7ImJlZm9yZSI6IiIsImFmdGVyIjoiIn19@[\/et_pb_text][\/et_pb_column][\/et_pb_row][\/et_pb_section][et_pb_section fb_built=&#8221;1&#8243; admin_label=&#8221;Hero Section&#8221; _builder_version=&#8221;4.8.1&#8243; background_color=&#8221;#474F85&#8243; background_color_gradient_direction=&#8221;90deg&#8221; background_enable_image=&#8221;off&#8221; width_tablet=&#8221;80%&#8221; width_last_edited=&#8221;off|desktop&#8221; custom_margin=&#8221;|||&#8221; custom_padding=&#8221;0px|0px|0px|0px|false|false&#8221; locked=&#8221;off&#8221;][et_pb_row use_custom_gutter=&#8221;on&#8221; gutter_width=&#8221;2&#8243; admin_label=&#8221;Hero Area&#8221; _builder_version=&#8221;4.8.1&#8243; background_color=&#8221;RGBA(0,0,0,0)&#8221; width=&#8221;40%&#8221; width_tablet=&#8221;80%&#8221; width_phone=&#8221;&#8221; width_last_edited=&#8221;on|desktop&#8221; max_width=&#8221;2560px&#8221; custom_margin=&#8221;||||false|false&#8221; custom_padding=&#8221;0px||0px||false|false&#8221;][et_pb_column type=&#8221;4_4&#8243; _builder_version=&#8221;3.25&#8243; custom_padding=&#8221;|||&#8221; custom_padding__hover=&#8221;|||&#8221;][et_pb_menu menu_id=&#8221;51&#8243; menu_style=&#8221;centered&#8221; active_link_color=&#8221;#51E3D4&#8243; _builder_version=&#8221;4.8.2&#8243; _module_preset=&#8221;default&#8221; menu_font=&#8221;|700||on|||||&#8221; menu_text_color=&#8221;#FFFFFF&#8221; menu_font_size=&#8221;18px&#8221; background_color=&#8221;RGBA(0,0,0,0)&#8221; custom_padding=&#8221;20px||20px||true|false&#8221; hover_enabled=&#8221;0&#8243; dropdown_menu_bg_color=&#8221;#474F85&#8243; dropdown_menu_line_color=&#8221;#474F85&#8243; dropdown_menu_text_color=&#8221;#FFFFFF&#8221; dropdown_menu_active_link_color=&#8221;#51E3D4&#8243; mobile_menu_bg_color=&#8221;#474F85&#8243; mobile_menu_text_color=&#8221;#FFFFFF&#8221; sticky_enabled=&#8221;0&#8243;][\/et_pb_menu][\/et_pb_column][\/et_pb_row][\/et_pb_section][et_pb_section fb_built=&#8221;1&#8243; admin_label=&#8221;Feature Section&#8221; _builder_version=&#8221;4.8.1&#8243; background_color=&#8221;#474F85&#8243; background_enable_image=&#8221;off&#8221; background_size=&#8221;contain&#8221; background_position=&#8221;bottom_center&#8221; custom_padding=&#8221;100px|0px|100px|0px|false|false&#8221; locked=&#8221;off&#8221;][et_pb_row admin_label=&#8221;Title Area&#8221; _builder_version=&#8221;4.6.6&#8243; width=&#8221;60%&#8221; width_tablet=&#8221;80%&#8221; width_phone=&#8221;&#8221; width_last_edited=&#8221;on|desktop&#8221; max_width=&#8221;2560px&#8221; custom_padding=&#8221;0px||0px||false|false&#8221; border_color_top=&#8221;#f1f1f0&#8243; locked=&#8221;off&#8221; width__hover_enabled=&#8221;off|desktop&#8221;][et_pb_column type=&#8221;4_4&#8243; _builder_version=&#8221;3.25&#8243; custom_padding=&#8221;|||&#8221; custom_padding__hover=&#8221;|||&#8221;][et_pb_text admin_label=&#8221;Title&#8221; _builder_version=&#8221;4.8.1&#8243; _module_preset=&#8221;d5b6ed43-c1b1-420c-93d9-c292a4af8ef7&#8243; header_text_color=&#8221;#FFFFFF&#8221; dsm_modules_popup_width_tablet=&#8221;65%&#8221; dsm_modules_popup_width_phone=&#8221;100%&#8221; dsm_modules_popup_width_last_edited=&#8221;on|phone&#8221;]<\/p>\n<h1>Kabar dari timur<\/h1>\n<p>[\/et_pb_text][et_pb_divider color=&#8221;#FFFFFF&#8221; divider_weight=&#8221;3px&#8221; _builder_version=&#8221;4.8.1&#8243; max_width=&#8221;50px&#8221; module_alignment=&#8221;center&#8221; custom_margin=&#8221;||10px|&#8221; animation_style=&#8221;slide&#8221; animation_direction=&#8221;top&#8221; animation_intensity_slide=&#8221;30%&#8221; animation_starting_opacity=&#8221;100%&#8221;][\/et_pb_divider][\/et_pb_column][\/et_pb_row][et_pb_row use_custom_gutter=&#8221;on&#8221; gutter_width=&#8221;2&#8243; _builder_version=&#8221;4.7.7&#8243; width=&#8221;40%&#8221; width_tablet=&#8221;80%&#8221; width_phone=&#8221;&#8221; width_last_edited=&#8221;on|desktop&#8221; max_width=&#8221;2560px&#8221; custom_margin=&#8221;||50px||false|false&#8221; custom_padding=&#8221;0px||0px||false|false&#8221; locked=&#8221;off&#8221;][et_pb_column type=&#8221;4_4&#8243; _builder_version=&#8221;4.0.11&#8243;][et_pb_text _builder_version=&#8221;4.8.1&#8243; _module_preset=&#8221;dd98a6fe-ef73-4b5e-8929-3512f9fc15ae&#8221; text_text_color=&#8221;#FFFFFF&#8221; link_text_color=&#8221;#51E3D4&#8243; animation_style=&#8221;none&#8221;]<\/p>\n<p>Un enfant torse nu se tient au milieu d\u2019un chemin entre les arbres et les buissons. La chemise blanche sur son uniforme scolaire a \u00e9t\u00e9 mise sur sa t\u00eate. Ses mains tenaient du plastique rouge, semblable \u00e0 son pantalon. Dans le plastique il ya des chaussures, sacs, livres et autres fournitures scolaires. Elle s\u2019appelle Sem, le portrait de l\u2019enfant est repr\u00e9sent\u00e9 sur une photo de Meriana Hana Nalu, une \u00e9tudiante de SDN Matawai Katingga Kelas Jauh Lapinu. Cet instant a \u00e9t\u00e9 saisi quand ils sont partis pour l\u2019\u00e9cole. \u00ab Sem et ses v\u00eatements humides et pantalons, il a s\u00e9ch\u00e9 ses v\u00eatements sur sa t\u00eate de sorte qu\u2019ils ont rapidement devenus sec sur le chemin de l\u2019\u00e9cole \u00bb, a d\u00e9clar\u00e9 Meri. La distance de l\u2019\u00e9cole de leur maison est d\u2019environ 2 km, de haut en bas de la colline et \u00e0 travers la rivi\u00e8re qui rend l\u2019uniforme de Sem mouill\u00e9. S\u2019il pleut abondamment ou si la rivi\u00e8re d\u00e9borde, ils restent \u00e0 la maison pr\u00e8s de l\u2019\u00e9cole.<\/p>\n<p>Ce portrait est l\u2019une des 80 photographies pr\u00e9sent\u00e9es dans l\u2019exposition de photos \u00ab Nouvelles de l\u2019Est \u00bb. L\u2019exposition s\u2019est tenue en ligne, accessible du 11 janvier au 11 mars 2020, sur le lien <a href=\"https:\/\/www.sumbaphotostories.com\/fr\/exhibition-online\/\">ici.<\/a><\/p>\n<p>La photographie appartient maintenant \u00e0 tout le monde, du moins dans les grandes villes ou les zones d\u00e9velopp\u00e9es. Nous vivons dans une culture visuelle, une nouvelle civilisation qui entrave la vie quotidienne. Les produits visuels sont dispers\u00e9s partout, y compris \u00e0 port\u00e9e de main. Le d\u00e9veloppement des technologies de la communication s\u2019acc\u00e9l\u00e8re tr\u00e8s rapidement. Un outil de repr\u00e9sentation oculaire appel\u00e9 un mini appareil photo attach\u00e9 \u00e0 un t\u00e9l\u00e9phone mobile permet \u00e0 chacun de prendre des photos n\u2019importe quand, n\u2019importe o\u00f9 et conna\u00eetre les r\u00e9sultats tout de suite. En m\u00eame temps peut pr\u00eacher aux autres d\u2019une seule touche. En m\u00eame temps, nous pouvons voir des visuels de divers endroits sur cette Terre.<\/p>\n<p>Pour ces enfants de Sumba est, la cam\u00e9ra est un nouveau jouet. La photographie n\u2019est pas un aliment visuel dans leur vie quotidienne. Leur exp\u00e9rience de la photographie familiale peut compter les doigts, juste des moments importants tels que des photos de dipl\u00f4me, mariages et autres. Le programme \u00ab Sumba Photo Stories \u00bb invite les \u00e9tudiants de SD MASEHI Kamanggih et SDN Matawai Katingga Kelas Jauh Lapinu \u00e0 documenter et raconter leur vie en utilisant le m\u00e9dium de la photographie. Bien que situ\u00e9es dans le m\u00eame sous-district, il existe des diff\u00e9rences de conditions entre les deux \u00e9coles. SD Ad Kamanggih est situ\u00e9 dans un village assez d\u00e9velopp\u00e9, routes pav\u00e9es qui sont pass\u00e9s par les transports en commun et il ont acc\u00e8s \u00e0 l&#8217;\u00e9lectricit\u00e9. SDN Matawai Katingga Kelas Jauh Lapinu est situ\u00e9 dans un village o\u00f9 l\u2019acc\u00e8s \u00e0 la route est assez difficile et il n\u2019y a pas d\u2019\u00e9lectricit\u00e9. C\u2019est ce qu\u2019on appelle une classe \u00e9loign\u00e9e parce que c\u2019est une classe d\u2019urgence cr\u00e9\u00e9e par la communaut\u00e9, parce que leur r\u00e9sidence est assez loin de l\u2019\u00e9cole principale, \u00e0 environ 6 km avec une route difficile. S\u2019il n\u2019y a pas de classe \u00e0 distance, il est presque certain que les enfants pr\u00e9f\u00e8rent aller au jardin plut\u00f4t que d\u2019aller \u00e0 l\u2019\u00e9cole. La diff\u00e9rence de condition affecte les habitudes d\u2019observation des enfants en voyant des objets ou des sujets autour d\u2019eux. Il y a 3 choses \u00e0 noter : L\u2019exp\u00e9rience visuelle, la confiance et une fa\u00e7on de parler.<\/p>\n<p>Cette \u00ab Actualit\u00e9 de l\u2019Est \u00bb est une repr\u00e9sentation de la vie quotidienne dans les deux quartiers. Peut-\u00eatre que c\u2019est ce qu\u2019on appelle \u00ab La fa\u00e7on de voir \u00bb, les enfants apprennent \u00e0 voir des choses simples autour d\u2019eux, lire les situations, puis sans le savoir faire une s\u00e9lection de tout ce qui sera enregistr\u00e9 avec son appareil photo pour dire aux autres. Un processus agr\u00e9able; des prises spontan\u00e9es, sans \u00eatre accabl\u00e9 par les affaires techniques et esth\u00e9tiques. Au lieu de cela, il produit des visuels honn\u00eates, des moments de ce qu\u2019il est et des histoires simples qui peuvent ne pas \u00eatre imagin\u00e9s par nous. Si le photographe Robert Capa, journaliste mondial, dit : \u00ab Si vos photos ne sont pas assez bonnes, vous n\u2019\u00eates pas assez proches \u00bb, alors ces enfants ne sont pas seulement \u00ab proches \u00bb, la puissance de leur travail est qu\u2019ils sont leur propre objet ou sujet, ils font partie de l\u2019histoire qu\u2019ils racontent. Sumba qu\u2019ils racontent n\u2019est pas sur l\u2019exotisme tel que repr\u00e9sent\u00e9 dans les publicit\u00e9s touristiques ou des visuels qui peut-\u00eatre deviendraient &#8220;viraux&#8221; sur les m\u00e9dias sociaux. Mais c\u2019est un autre point de vue, sur leur identit\u00e9, ainsi que sur des questions importantes qui sont pr\u00e9sent\u00e9es simplement, qui repr\u00e9sentent peut-\u00eatre les conditions dans d\u2019autres r\u00e9gions. Comme les probl\u00e8mes d\u2019\u00e9ducation, le paludisme (sant\u00e9), la nutrition, l\u2019eau et d\u2019autres.<\/p>\n<p>Peu importe ce que les enfants voient et disent, un autre point important est le long processus. Cette exp\u00e9rience photographique leur fait voir et reconna\u00eetre leur environnement plus profond\u00e9ment. Le sentiment de confiance s\u2019accro\u00eet \u00e9galement. Ils n\u2019ont plus peur de parler, n\u2019h\u00e9sitent pas \u00e0 transmettre des id\u00e9es, n\u2019h\u00e9sitent pas \u00e0 raconter des histoires sur l\u2019environnement et eux-m\u00eames, s\u2019ouvrent avec de nouvelles personnes et commencent \u00e0 \u00eatre plus critiques.<\/p>\n<p><strong>Syafiudin &#8216;Vifick Bolang&#8217;<\/strong><br \/> Photo Stories Mentor &amp; Curation Coordinateur de l\u2019\u00e9quipe<\/p>\n<p>[\/et_pb_text][\/et_pb_column][\/et_pb_row][\/et_pb_section][et_pb_section fb_built=&#8221;1&#8243; admin_label=&#8221;Feature Section&#8221; _builder_version=&#8221;4.6.4&#8243; background_color=&#8221;#ffffff&#8221; background_enable_image=&#8221;off&#8221; background_size=&#8221;contain&#8221; background_position=&#8221;bottom_center&#8221; custom_padding=&#8221;100px|0px|100px|0px|false|false&#8221; locked=&#8221;off&#8221;][et_pb_row admin_label=&#8221;Title Area&#8221; _builder_version=&#8221;4.6.6&#8243; width=&#8221;60%&#8221; width_tablet=&#8221;80%&#8221; width_phone=&#8221;&#8221; width_last_edited=&#8221;on|desktop&#8221; max_width=&#8221;2560px&#8221; custom_padding=&#8221;0px||0px||false|false&#8221; border_color_top=&#8221;#f1f1f0&#8243; locked=&#8221;off&#8221; width__hover_enabled=&#8221;off|desktop&#8221;][et_pb_column type=&#8221;4_4&#8243; _builder_version=&#8221;3.25&#8243; custom_padding=&#8221;|||&#8221; custom_padding__hover=&#8221;|||&#8221;][et_pb_text admin_label=&#8221;Title&#8221; _builder_version=&#8221;4.8.1&#8243; _module_preset=&#8221;d5b6ed43-c1b1-420c-93d9-c292a4af8ef7&#8243; dsm_modules_popup_width_tablet=&#8221;65%&#8221; dsm_modules_popup_width_phone=&#8221;100%&#8221; dsm_modules_popup_width_last_edited=&#8221;on|phone&#8221;]<\/p>\n<h1>About the Exhibition<\/h1>\n<p>[\/et_pb_text][et_pb_divider color=&#8221;#2a2a2a&#8221; divider_weight=&#8221;3px&#8221; _builder_version=&#8221;3.2&#8243; max_width=&#8221;50px&#8221; module_alignment=&#8221;center&#8221; custom_margin=&#8221;||10px|&#8221; animation_style=&#8221;slide&#8221; animation_direction=&#8221;top&#8221; animation_intensity_slide=&#8221;30%&#8221; animation_starting_opacity=&#8221;100%&#8221;][\/et_pb_divider][\/et_pb_column][\/et_pb_row][et_pb_row use_custom_gutter=&#8221;on&#8221; gutter_width=&#8221;2&#8243; _builder_version=&#8221;4.6.6&#8243; width=&#8221;40%&#8221; width_tablet=&#8221;80%&#8221; width_phone=&#8221;&#8221; width_last_edited=&#8221;on|desktop&#8221; max_width=&#8221;2560px&#8221; custom_margin=&#8221;||25px||false|false&#8221; custom_padding=&#8221;0px||0px||false|false&#8221; locked=&#8221;off&#8221;][et_pb_column type=&#8221;4_4&#8243; _builder_version=&#8221;4.0.11&#8243;][et_pb_gallery gallery_ids=&#8221;865,862,859,856,853,803,801,799,797,868&#8243; fullwidth=&#8221;on&#8221; _builder_version=&#8221;4.7.7&#8243; _module_preset=&#8221;default&#8221;][\/et_pb_gallery][\/et_pb_column][\/et_pb_row][et_pb_row use_custom_gutter=&#8221;on&#8221; gutter_width=&#8221;2&#8243; _builder_version=&#8221;4.7.7&#8243; width=&#8221;40%&#8221; width_tablet=&#8221;80%&#8221; width_phone=&#8221;&#8221; width_last_edited=&#8221;on|desktop&#8221; max_width=&#8221;2560px&#8221; custom_margin=&#8221;||50px||false|false&#8221; custom_padding=&#8221;0px||0px||false|false&#8221; locked=&#8221;off&#8221;][et_pb_column type=&#8221;4_4&#8243; _builder_version=&#8221;4.0.11&#8243;][et_pb_text _builder_version=&#8221;4.8.1&#8243; _module_preset=&#8221;dd98a6fe-ef73-4b5e-8929-3512f9fc15ae&#8221; animation_style=&#8221;none&#8221;]Cette exposition est un aper\u00e7u de la vie \u00e0 l\u2019est, la vie dans les zones rurales de sumba est. Une repr\u00e9sentation de la vie quotidienne des familles dans les r\u00e9gions \u00e9loign\u00e9es, capt\u00e9e des yeux des jeunes \u00e9tudiants \u00e2g\u00e9s de 9 \u00e0 12 ans.<\/p>\n<p>Ils nous ont ouvert la maison, partag\u00e9 des repas r\u00e9guliers avec nous, nous ont invit\u00e9s \u00e0 les suivre sur le chemin de l\u2019\u00e9cole, voir leurs \u00eeles et collines du matin au soir. Ils capturent les moments qui marquent leur vie et nous les expliquent. La cr\u00e9ation d\u2019histoires \u00e0 partir de ces images est \u00e9galement une partie importante de cette exposition qui a travers\u00e9 un processus de curation. Non seulement ils ouvrent la porte, mais ils veulent aussi expliquer et raconter des histoires \u00e0 travers des photos. Maintenant, nous avons juste \u00e0 regarder et \u00e0 \u00e9couter.<\/p>\n<p>Depuis le district recul\u00e9 de Kahaungu Eti, dans la partie orientale de la r\u00e9gence de Sumba Est, Nusa Tenggara Est, leurs villages sont nomm\u00e9s Kamanggih et Matawai Katingga. 28 des 48 enfants qui ont suivi la formation sont des \u00e9crivains et des artistes de cette exposition intitul\u00e9e \u00ab Nouvelles de l\u2019Est \u00bb. Gr\u00e2ce \u00e0 ces photos, les spectateurs en Indon\u00e9sie et dans le monde entier peuvent s\u2019imaginer et s\u2019immerger dans la vie quotidienne des enfants de la r\u00e9gion.<\/p>\n<p>En raison de la pand\u00e9mie covid-19, de l\u2019annulation d\u2019\u00e9v\u00e9nements socioculturels et de l\u2019arr\u00eat des activit\u00e9s d\u2019enseignement et d\u2019apprentissage en Indon\u00e9sie, l\u2019exposition doit \u00eatre ajust\u00e9e. Par cons\u00e9quent, l\u2019exposition est adapt\u00e9e en ligne, ce qui la rend accessible \u00e0 un public plus large \u00e0 travers des smartphones, des tablettes ou des appareils informatiques.<\/p>\n<p>On s\u2019attend \u00e0 ce que ces m\u00e9dias transposent des messages de cette s\u00e9rie de photos et d\u2019histoires aussi pr\u00e8s que possible de la r\u00e9alit\u00e9.<\/p>\n<p>L\u2019exposition se poursuit jusqu\u2019en mars 2021, via son site sumbaphotostories.com[\/et_pb_text][\/et_pb_column][\/et_pb_row][\/et_pb_section][et_pb_section fb_built=&#8221;1&#8243; admin_label=&#8221;Hero Section&#8221; _builder_version=&#8221;4.8.1&#8243; background_color=&#8221;#474F85&#8243; background_color_gradient_direction=&#8221;90deg&#8221; background_enable_image=&#8221;off&#8221; background_position=&#8221;center_left&#8221; width_tablet=&#8221;80%&#8221; width_last_edited=&#8221;off|desktop&#8221; custom_margin=&#8221;|||&#8221; custom_padding=&#8221;50px|0px|50px|0px|false|false&#8221; locked=&#8221;off&#8221;][et_pb_row use_custom_gutter=&#8221;on&#8221; gutter_width=&#8221;2&#8243; admin_label=&#8221;Hero Area&#8221; _builder_version=&#8221;4.7.7&#8243; width=&#8221;40%&#8221; width_tablet=&#8221;80%&#8221; width_phone=&#8221;&#8221; width_last_edited=&#8221;on|desktop&#8221; max_width=&#8221;2560px&#8221; custom_margin=&#8221;||||false|false&#8221; custom_padding=&#8221;0px||0px||false|false&#8221;][et_pb_column type=&#8221;4_4&#8243; _builder_version=&#8221;3.25&#8243; custom_padding=&#8221;|||&#8221; custom_padding__hover=&#8221;|||&#8221;][et_pb_text admin_label=&#8221;Hero Title&#8221; _builder_version=&#8221;4.7.7&#8243; text_font=&#8221;|300|||||||&#8221; text_font_size=&#8221;16px&#8221; header_font=&#8221;Alice||||||||&#8221; header_font_size=&#8221;80px&#8221; header_letter_spacing=&#8221;-3px&#8221; header_line_height=&#8221;1.1em&#8221; header_2_font=&#8221;|700||on|||||&#8221; header_2_text_align=&#8221;center&#8221; header_2_text_color=&#8221;#f3f9fb&#8221; header_2_letter_spacing=&#8221;2px&#8221; width_tablet=&#8221;80%&#8221; width_last_edited=&#8221;off|desktop&#8221; custom_margin=&#8221;||0px|&#8221; custom_padding=&#8221;|||&#8221; animation_style=&#8221;slide&#8221; animation_direction=&#8221;left&#8221; animation_intensity_slide=&#8221;5%&#8221; animation_starting_opacity=&#8221;100%&#8221; text_font_size_last_edited=&#8221;off|desktop&#8221; header_font_size_tablet=&#8221;&#8221; header_font_size_phone=&#8221;60px&#8221; header_font_size_last_edited=&#8221;on|phone&#8221; width__hover_enabled=&#8221;off|desktop&#8221;]<\/p>\n<h2>Sumba Photo Stories &#8211; Kabar dari timur<\/h2>\n<p>[\/et_pb_text][\/et_pb_column][\/et_pb_row][\/et_pb_section][et_pb_section fb_built=&#8221;1&#8243; admin_label=&#8221;Feature Section&#8221; _builder_version=&#8221;4.8.1&#8243; background_enable_color=&#8221;off&#8221; use_background_color_gradient=&#8221;on&#8221; background_color_gradient_start=&#8221;rgba(0,0,0,0.9)&#8221; background_color_gradient_start_position=&#8221;100%&#8221; background_color_gradient_overlays_image=&#8221;on&#8221; background_image=&#8221;https:\/\/www.sumbaphotostories.com\/wp-content\/uploads\/2020\/01\/1970-01-01-08.00.00-591-1.jpg&#8221; background_position=&#8221;bottom_center&#8221; custom_padding=&#8221;100px|0px|100px|0px|false|false&#8221; locked=&#8221;off&#8221;][et_pb_row admin_label=&#8221;Title Area&#8221; _builder_version=&#8221;4.6.6&#8243; width=&#8221;60%&#8221; width_tablet=&#8221;80%&#8221; width_phone=&#8221;&#8221; width_last_edited=&#8221;on|desktop&#8221; max_width=&#8221;2560px&#8221; custom_padding=&#8221;0px||0px||false|false&#8221; border_color_top=&#8221;#f1f1f0&#8243; locked=&#8221;off&#8221; width__hover_enabled=&#8221;off|desktop&#8221;][et_pb_column type=&#8221;4_4&#8243; _builder_version=&#8221;3.25&#8243; custom_padding=&#8221;|||&#8221; custom_padding__hover=&#8221;|||&#8221;][et_pb_text admin_label=&#8221;Title&#8221; _builder_version=&#8221;4.8.1&#8243; _module_preset=&#8221;d5b6ed43-c1b1-420c-93d9-c292a4af8ef7&#8243; header_text_color=&#8221;#FFFFFF&#8221;]<\/p>\n<h1>\u00c0 propos de Sumba Photo Stories<\/h1>\n<p>[\/et_pb_text][et_pb_divider color=&#8221;#FFFFFF&#8221; divider_weight=&#8221;3px&#8221; _builder_version=&#8221;4.8.1&#8243; max_width=&#8221;50px&#8221; module_alignment=&#8221;center&#8221; custom_margin=&#8221;||10px|&#8221; animation_style=&#8221;slide&#8221; animation_direction=&#8221;top&#8221; animation_intensity_slide=&#8221;30%&#8221; animation_starting_opacity=&#8221;100%&#8221;][\/et_pb_divider][\/et_pb_column][\/et_pb_row][et_pb_row use_custom_gutter=&#8221;on&#8221; gutter_width=&#8221;2&#8243; _builder_version=&#8221;4.6.6&#8243; width=&#8221;40%&#8221; width_tablet=&#8221;80%&#8221; width_phone=&#8221;&#8221; width_last_edited=&#8221;on|desktop&#8221; max_width=&#8221;2560px&#8221; custom_margin=&#8221;||25px||false|false&#8221; custom_padding=&#8221;0px||0px||false|false&#8221; locked=&#8221;off&#8221;][et_pb_column type=&#8221;4_4&#8243; _builder_version=&#8221;4.0.11&#8243;][et_pb_text _builder_version=&#8221;4.8.1&#8243; _module_preset=&#8221;dd98a6fe-ef73-4b5e-8929-3512f9fc15ae&#8221; text_text_color=&#8221;#FFFFFF&#8221; animation_style=&#8221;none&#8221;]<\/p>\n<p>Sumba Photo Stories est un programme initi\u00e9 par les fondations Kawan Baik Indonesia et Fair Future Foundation. Une collection d\u2019informations factuelles du point de vue subjectif des auteurs, qui ont assist\u00e9 \u00e0 la formation, en utilisant des supports photographiques et en cr\u00e9ant des histoires \u00e0 partir de leurs photographies.<\/p>\n<p>Dans leur environnement et \u00e0 travers ces programmes sociaux, culturels et \u00e9ducatifs, les acteurs offrent une r\u00e9elle perspective sur leur qualit\u00e9 de vie, bas\u00e9e sur leurs id\u00e9es authentiques.<\/p>\n<p>L\u2019exposition \u00ab Nouvelles de l\u2019Est \u00bb met en vedette les enfants comme protagonistes. Toutefois, le programme s\u2019adapte et peut \u00eatre mis en \u0153uvre \u00e0 un sujet diversifi\u00e9 d\u2019acteurs : les groupes de femmes, les artisans traditionnels ou certains autres acteurs du domaine du travail.<\/p>\n<p>Les principaux objectifs du programme sont d\u2019acqu\u00e9rir de nouvelles comp\u00e9tences, telles que la photographie et la narration, d\u2019am\u00e9liorer les comp\u00e9tences en \u00e9criture pour les enfants et les adultes, et d\u2019accro\u00eetre la confiance dans la parole ou la pr\u00e9sentation du travail au public.<\/p>\n<p>L\u2019\u0153uvre qui en r\u00e9sulte, en l\u2019occurrence des histoires photographiques, est une \u0153uvre d\u2019art \u00e0 part enti\u00e8re. Ils deviennent \u00e9galement des motifs factuels qui peuvent \u00eatre analys\u00e9s pour des travaux de recherche dans les domaines socioculturel, \u00e9ducatif ou de la sant\u00e9.<\/p>\n<p>[\/et_pb_text][\/et_pb_column][\/et_pb_row][\/et_pb_section]<\/p>\n","protected":false},"excerpt":{"rendered":"<p>Kabar dari timurUn enfant torse nu se tient au milieu d\u2019un chemin entre les arbres et les buissons. La chemise blanche sur son uniforme scolaire a \u00e9t\u00e9 mise sur sa t\u00eate. Ses mains tenaient du plastique rouge, semblable \u00e0 son pantalon. Dans le plastique il ya des chaussures, sacs, livres et autres fournitures scolaires. Elle [&hellip;]<\/p>\n","protected":false},"author":1,"featured_media":797,"parent":0,"menu_order":0,"comment_status":"closed","ping_status":"closed","template":"","meta":{"_et_pb_use_builder":"on","_et_pb_old_content":"","_et_gb_content_width":""},"_links":{"self":[{"href":"https:\/\/sumbaphotostories.com\/fr\/wp-json\/wp\/v2\/pages\/268476"}],"collection":[{"href":"https:\/\/sumbaphotostories.com\/fr\/wp-json\/wp\/v2\/pages"}],"about":[{"href":"https:\/\/sumbaphotostories.com\/fr\/wp-json\/wp\/v2\/types\/page"}],"author":[{"embeddable":true,"href":"https:\/\/sumbaphotostories.com\/fr\/wp-json\/wp\/v2\/users\/1"}],"replies":[{"embeddable":true,"href":"https:\/\/sumbaphotostories.com\/fr\/wp-json\/wp\/v2\/comments?post=268476"}],"version-history":[{"count":0,"href":"https:\/\/sumbaphotostories.com\/fr\/wp-json\/wp\/v2\/pages\/268476\/revisions"}],"wp:featuredmedia":[{"embeddable":true,"href":"https:\/\/sumbaphotostories.com\/fr\/wp-json\/wp\/v2\/media\/797"}],"wp:attachment":[{"href":"https:\/\/sumbaphotostories.com\/fr\/wp-json\/wp\/v2\/media?parent=268476"}],"curies":[{"name":"wp","href":"https:\/\/api.w.org\/{rel}","templated":true}]}}