{"id":268524,"date":"2021-01-29T05:08:56","date_gmt":"2021-01-29T05:08:56","guid":{"rendered":"https:\/\/www.sumbaphotostories.com\/confidentialite\/"},"modified":"2021-03-25T18:08:12","modified_gmt":"2021-03-25T10:08:12","slug":"confidentialite","status":"publish","type":"page","link":"https:\/\/sumbaphotostories.com\/fr\/confidentialite\/","title":{"rendered":"Confidentialit\u00e9"},"content":{"rendered":"<p>[et_pb_section fb_built=&#8221;1&#8243; admin_label=&#8221;Hero Section&#8221; _builder_version=&#8221;4.6.6&#8243; use_background_color_gradient=&#8221;on&#8221; background_color_gradient_start=&#8221;rgba(244,240,233,0.9)&#8221; background_color_gradient_end=&#8221;rgba(244,240,233,0)&#8221; background_color_gradient_direction=&#8221;90deg&#8221; background_color_gradient_start_position=&#8221;30%&#8221; background_color_gradient_overlays_image=&#8221;on&#8221; background_image=&#8221;https:\/\/www.sumbaphotostories.com\/wp-content\/uploads\/2020\/08\/20200114-_FIK6073.jpg&#8221; background_position=&#8221;center_left&#8221; width_tablet=&#8221;80%&#8221; width_last_edited=&#8221;off|desktop&#8221; custom_margin=&#8221;|||&#8221; custom_padding=&#8221;119px|0px|119px|0px&#8221; locked=&#8221;off&#8221;][et_pb_row custom_padding_last_edited=&#8221;off|desktop&#8221; admin_label=&#8221;Hero Area&#8221; _builder_version=&#8221;3.25&#8243; custom_padding=&#8221;27px|0px|0px|0px&#8221;][et_pb_column type=&#8221;4_4&#8243; _builder_version=&#8221;3.25&#8243; custom_padding=&#8221;|||&#8221; custom_padding__hover=&#8221;|||&#8221;][et_pb_text admin_label=&#8221;Hero Title&#8221; _builder_version=&#8221;4.8.1&#8243; _dynamic_attributes=&#8221;content&#8221; text_font=&#8221;|700|||||||&#8221; text_font_size=&#8221;8vh&#8221; header_font=&#8221;Alice||||||||&#8221; header_font_size=&#8221;80px&#8221; header_letter_spacing=&#8221;-3px&#8221; header_line_height=&#8221;1.1em&#8221; width=&#8221;60%&#8221; width_tablet=&#8221;80%&#8221; width_phone=&#8221;&#8221; width_last_edited=&#8221;on|desktop&#8221; custom_margin=&#8221;||0px|&#8221; custom_padding=&#8221;|||&#8221; animation_style=&#8221;slide&#8221; animation_direction=&#8221;left&#8221; animation_intensity_slide=&#8221;5%&#8221; animation_starting_opacity=&#8221;100%&#8221; text_font_size_tablet=&#8221;4vh&#8221; text_font_size_phone=&#8221;3vh&#8221; text_font_size_last_edited=&#8221;on|phone&#8221; header_font_size_tablet=&#8221;&#8221; header_font_size_phone=&#8221;60px&#8221; header_font_size_last_edited=&#8221;on|phone&#8221;]@ET-DC@eyJkeW5hbWljIjp0cnVlLCJjb250ZW50IjoicG9zdF90aXRsZSIsInNldHRpbmdzIjp7ImJlZm9yZSI6IiIsImFmdGVyIjoiIn19@[\/et_pb_text][\/et_pb_column][\/et_pb_row][\/et_pb_section][et_pb_section fb_built=&#8221;1&#8243; admin_label=&#8221;section&#8221; _builder_version=&#8221;4.8.1&#8243; background_color=&#8221;#ffffff&#8221; background_enable_image=&#8221;off&#8221; background_size=&#8221;contain&#8221; background_position=&#8221;bottom_center&#8221; custom_padding=&#8221;100px|0px|100px|0px|false|false&#8221;][et_pb_row admin_label=&#8221;row&#8221; _builder_version=&#8221;4.8.1&#8243; width=&#8221;60%&#8221; width_tablet=&#8221;80%&#8221; width_phone=&#8221;&#8221; width_last_edited=&#8221;on|desktop&#8221; max_width=&#8221;2560px&#8221; custom_padding=&#8221;0px||0px||false|false&#8221; border_color_top=&#8221;#f1f1f0&#8243;][et_pb_column type=&#8221;4_4&#8243; _builder_version=&#8221;3.25&#8243; custom_padding=&#8221;|||&#8221; custom_padding__hover=&#8221;|||&#8221;][et_pb_text admin_label=&#8221;Text&#8221; _builder_version=&#8221;4.8.1&#8243; background_size=&#8221;initial&#8221; background_position=&#8221;top_left&#8221; background_repeat=&#8221;repeat&#8221;]<\/p>\n<h3 style=\"text-align: justify;\">introduction<\/h3>\n<p style=\"text-align: justify;\">Yayasan Kawan Baik Indon\u00e9sie respecte la confidentialit\u00e9 de votre vie personnelle. Cette politique de confidentialit\u00e9 d\u00e9crit (i) quelles informations sont collect\u00e9es lorsque vous acc\u00e9dez et utilisez des pages Internet accessibles sur le https:\/\/kawanbaikindonesia.org (la \u00ab Plate-forme \u00bb), (ii) comment nous utilisons les informations recueillies, et (iii) le niveau de s\u00e9curit\u00e9 que nous fournissons pour prot\u00e9ger ces informations.<\/p>\n<p style=\"text-align: justify;\">En acc\u00e9dant et en utilisant la plateforme de dons, vous acceptez cette politique de confidentialit\u00e9. Cette politique peut \u00eatre modifi\u00e9e \u00e0 tout moment pour tenir compte des pratiques commerciales, des nouvelles technologies ou des modifications l\u00e9gislatives.<\/p>\n<p>&nbsp;<\/p>\n<h3 style=\"text-align: justify;\">Utilisation des donn\u00e9es collect\u00e9es<\/h3>\n<p style=\"text-align: justify;\">Les donn\u00e9es recueillies et envoy\u00e9es sont utilis\u00e9es aux fins mentionn\u00e9es au moment de la collecte, notamment la conduite d\u2019activit\u00e9s et l\u2019avancement de nos objectifs humanitaires. En particulier, nous utilisons ces donn\u00e9es pour communiquer des informations cibl\u00e9es sur nos activit\u00e9s, notre soutien financier (y compris le soutien \u00e0 nos projets et actions) et nous nous abonner \u00e0 nos bulletins \u00e9lectroniques.<\/p>\n<p>&nbsp;<\/p>\n<h3 style=\"text-align: justify;\">Communication avec des tiers<\/h3>\n<p style=\"text-align: justify;\">Nous ne communiquons pas vos donn\u00e9es personnelles \u00e0 des tiers, sauf \u00e0 nos partenaires et\/ou sous-traitants lorsque cela est n\u00e9cessaire pour effectuer les fins pour lesquelles les donn\u00e9es sont collect\u00e9es. Par exemple, lorsque vous faites un don pour notre soutien financier, vos informations de paiement ne sont envoy\u00e9es qu\u2019\u00e0 une soci\u00e9t\u00e9 sous-traitante pour g\u00e9rer et mon\u00e9tiser votre don.<\/p>\n<p>&nbsp;<\/p>\n<h3 style=\"text-align: justify;\">Modification<\/h3>\n<p style=\"text-align: justify;\">Nous pouvons modifier cette politique de confidentialit\u00e9 \u00e0 tout moment, comme bon nous semble. En acc\u00e9dant et en utilisant la plate-forme apr\u00e8s cette modification, vous acceptez la politique de confidentialit\u00e9 modifi\u00e9e. La politique de confidentialit\u00e9 s\u2019applique lorsque des donn\u00e9es sont collect\u00e9es et utilis\u00e9es r\u00e9gissant la collecte et l\u2019utilisation de ces donn\u00e9es.<\/p>\n<p>&nbsp;<\/p>\n<h3 style=\"text-align: justify;\">Autorisations et modifications<\/h3>\n<p style=\"text-align: justify;\">\u00c0 moins que la loi ne l\u2019exige, nous vous fournirons un r\u00e9sum\u00e9 des donn\u00e9es recueillies et trait\u00e9es sur demande. Sous r\u00e9serve de dispositions l\u00e9gales contradictoires, vous aurez la possibilit\u00e9 de corriger, mettre \u00e0 jour, modifier ou supprimer ces informations en envoyant une <a href=\"mailto:info@kawanbaikindonesia.org\">demande de info@kawanbaikindonesia.org.<\/a><\/p>\n<p>&nbsp;<\/p>\n<h3>Questions<\/h3>\n<p style=\"text-align: justify;\">Si vous avez des questions sur cette politique de confidentialit\u00e9, veuillez contacter Kawan Baik Indonesia en envoyant un e-mail.<\/p>\n<p>&nbsp;<\/p>\n<h3>Qui d\u2019autre peut acc\u00e9der \u00e0 vos donn\u00e9es personnelles<\/h3>\n<p style=\"text-align: justify;\">Nous ne partageons pas vos donn\u00e9es personnelles avec des \u00e9trangers. Dans certains cas, des donn\u00e9es personnelles vous concernant sont fournies \u00e0 nos partenaires de confiance afin de vous permettre de fournir des services ou d\u2019am\u00e9liorer votre exp\u00e9rience client. Nous ne partageons pas vos donn\u00e9es.<\/p>\n<p style=\"text-align: justify;\">Nous ne travaillons qu\u2019avec des partenaires de traitement qui peuvent assurer un niveau ad\u00e9quat de protection de vos donn\u00e9es personnelles. Nous divulguons vos donn\u00e9es personnelles \u00e0 des tiers ou \u00e0 des fonctionnaires lorsque nous sommes l\u00e9galement tenus de le faire. Nous pouvons divulguer vos donn\u00e9es personnelles \u00e0 des tiers si vous y consentez ou s\u2019il y a d\u2019autres raisons juridiques \u00e0 cela.<\/p>\n<p>&nbsp;<\/p>\n<h3>Comment s\u00e9curiser vos donn\u00e9es<\/h3>\n<p style=\"text-align: justify;\">Nous faisons de notre mieux pour assurer la s\u00e9curit\u00e9 de vos donn\u00e9es personnelles. Nous utilisons des protocoles s\u00e9curis\u00e9s pour la communication et le transfert de donn\u00e9es (telles que HTTPS). Nous utilisons l\u2019anonymat et les pseudonymes appropri\u00e9s. Nous surveillons nos syst\u00e8mes pour les vuln\u00e9rabilit\u00e9s et les attaques possibles.<\/p>\n<p style=\"text-align: justify;\">Bien que nous faisons de notre mieux, nous ne pouvons pas garantir la s\u00e9curit\u00e9 de l\u2019information. Toutefois, nous promettons d\u2019aviser les autorit\u00e9s de la violation des donn\u00e9es. Nous vous informerons \u00e9galement s\u2019il y a une menace pour vos droits ou int\u00e9r\u00eats. Nous ferons tout notre possible pour pr\u00e9venir les atteintes \u00e0 la s\u00e9curit\u00e9 et aider les autorit\u00e9s en cas de violation. Si vous avez un compte avec nous, veuillez noter que vous devez garder votre nom d\u2019utilisateur et votre mot de passe confidentiels.<\/p>\n<h3 style=\"text-align: justify;\">Collecte de donn\u00e9es<\/h3>\n<p style=\"text-align: justify;\">Nous recueillons des donn\u00e9es en relation avec votre acc\u00e8s et sommes utilis\u00e9es pour les besoins de la Plate-forme. En particulier, nous pouvons recueillir des donn\u00e9es personnelles telles que votre nom, votre sexe, votre date de naissance, votre adresse, vos informations de paiement, votre adresse e-mail, votre num\u00e9ro de t\u00e9l\u00e9phone, vos pr\u00e9f\u00e9rences linguistiques, votre profession et d\u2019autres informations qui peuvent \u00eatre utilis\u00e9es pour vous identifier ou vous contacter dans le cadre de l\u2019acc\u00e8s aux besoins de la plate-forme.<\/p>\n<p>&nbsp;<\/p>\n<h3 style=\"text-align: justify;\">Sites Web tiers<\/h3>\n<p style=\"text-align: justify;\">Les plateformes peuvent contenir des liens ou des r\u00e9f\u00e9rences \u00e0 des sites Web tiers, y compris des sites Web pour d\u00e9l\u00e9gation locale g\u00e9r\u00e9s et supervis\u00e9s par ces d\u00e9l\u00e9gu\u00e9s locaux. Cette politique de confidentialit\u00e9 ne s\u2019applique pas \u00e0 ces sites Web tiers ni aux pratiques d\u2019autres entreprises ou individus non contr\u00f4l\u00e9s par Kawan Baik Indonesia. Vous devez d\u00e9couvrir et revoir les politiques de confidentialit\u00e9 des sites Web tiers que vous visitez, car cette politique r\u00e9git la collecte et l\u2019utilisation de vos donn\u00e9es personnelles lorsque vous visitez ce site Web. Sous r\u00e9serve de restrictions l\u00e9gales, Kawan Baik Indonesia ne peut \u00eatre tenu responsable des pratiques de confidentialit\u00e9 des sites Web tiers.<\/p>\n<p>&nbsp;<\/p>\n<h3 style=\"text-align: justify;\">Cookies et autres technologies que nous utilisons<\/h3>\n<p style=\"text-align: justify;\">L\u2019Indonesoa Good Friends Foundation utilise des cookies et\/ou des technologies similaires pour analyser le comportement des clients, g\u00e9rer les sites Web, suivre les mouvements des utilisateurs et recueillir des informations sur les utilisateurs. Ceci est fait pour personnaliser et am\u00e9liorer votre exp\u00e9rience avec nous.<\/p>\n<p style=\"text-align: justify;\">Les cookies sont de petits fichiers texte stock\u00e9s sur votre ordinateur. Les cookies stockent les informations utilis\u00e9es pour aider \u00e0 faire fonctionner le site. Nous seuls pouvons acc\u00e9der aux cookies cr\u00e9\u00e9s par notre site Web. Vous pouvez contr\u00f4ler vos cookies au niveau du navigateur. Choisir de d\u00e9sactiver les cookies peut vous emp\u00eacher d\u2019utiliser certaines fonctions.<\/p>\n<p>&nbsp;<\/p>\n<h3 style=\"text-align: justify;\">Nous utilisons des cookies \u00e0 des fins suivantes :<\/h3>\n<p style=\"text-align: justify;\">Cookies requis &#8211; Ces cookies sont n\u00e9cessaires pour que vous utilisiez certaines fonctionnalit\u00e9s importantes sur notre site Web, telles que la connexion. Ces cookies ne recueillent aucun renseignement personnel.<br \/> Cookies fonctionnalit\u00e9s &#8211; Ces cookies offrent des fonctionnalit\u00e9s qui rendent l\u2019utilisation de nos services plus pratique et permettent des fonctionnalit\u00e9s plus personnalis\u00e9es. Par exemple, ils peuvent se souvenir de votre nom et de votre courriel dans le formulaire de commentaires afin que vous n\u2019avez pas \u00e0 saisir \u00e0 nouveau ces informations la prochaine fois que vous faites des commentaires.<\/p>\n<p style=\"text-align: justify;\">Cookies analytiques &#8211; Ces cookies sont utilis\u00e9s pour suivre l\u2019utilisation et les performances de nos sites Web et services. Cookies publicitaires &#8211; Ces cookies sont utilis\u00e9s pour diffuser des annonces qui sont pertinentes pour vous et vos int\u00e9r\u00eats. En outre, ils sont utilis\u00e9s pour limiter le nombre de fois que vous voyez une annonce. Ils sont g\u00e9n\u00e9ralement plac\u00e9s sur des sites Web par des r\u00e9seaux publicitaires avec la permission des op\u00e9rateurs de sites Web. Ces cookies se souviennent que vous avez visit\u00e9 un site Web et que ces informations sont partag\u00e9es avec d\u2019autres organisations telles que les annonceurs. Souvent, les cookies de ciblage ou de publicit\u00e9 seront li\u00e9s aux fonctionnalit\u00e9s des sites fournis par d\u2019autres organisations.<\/p>\n<p style=\"text-align: justify;\">Vous pouvez supprimer les cookies stock\u00e9s sur votre ordinateur via les param\u00e8tres de votre navigateur. Vous pouvez \u00e9galement contr\u00f4ler certains cookies tiers en utilisant des plateformes d\u2019am\u00e9lioration de la vie priv\u00e9e telles que optout.aboutads.info ou youronlinechoices.com. Pour plus d\u2019informations sur les cookies, visitez allaboutcookies.org.<\/p>\n<p style=\"text-align: justify;\">Nous utilisons Google Analytics pour mesurer le trafic sur notre site Web. Google a sa propre politique de confidentialit\u00e9 que vous pouvez examiner ici. Si vous souhaitez d\u00e9sactiver le suivi par Google Analytics, visitez la page d\u2019opt-out de Google Analytics.<\/p>\n<p>&nbsp;<\/p>\n<h3>Enfants<\/h3>\n<p style=\"text-align: justify;\">Nous n\u2019avons pas l\u2019intention de recueillir ou de recueillir sciemment des informations aupr\u00e8s des enfants. Nous ne ciblons pas les enfants avec nos services.<\/p>\n<p style=\"text-align: justify;\"> Merci beaucoup \u00e0 vous tous, pour votre vertu et votre grand soutien \u00e0 notre organisation.<\/p>\n<p>&nbsp;<\/p>\n<h3 style=\"text-align: justify;\">Modifications apport\u00e9es \u00e0 cette politique de confidentialit\u00e9<\/h3>\n<p style=\"text-align: justify;\">Nous nous r\u00e9servons le droit d\u2019apporter des modifications \u00e0 cette politique de confidentialit\u00e9.<br \/> Derni\u00e8re modification faite aujourd\u2019hui, le 09.05.2020 \/ Kawan Baik Indon\u00e9sie<\/p>\n<p>[\/et_pb_text][\/et_pb_column][\/et_pb_row][\/et_pb_section]<\/p>\n","protected":false},"excerpt":{"rendered":"<p>introduction Yayasan Kawan Baik Indon\u00e9sie respecte la confidentialit\u00e9 de votre vie personnelle. Cette politique de confidentialit\u00e9 d\u00e9crit (i) quelles informations sont collect\u00e9es lorsque vous acc\u00e9dez et utilisez des pages Internet accessibles sur le https:\/\/kawanbaikindonesia.org (la \u00ab Plate-forme \u00bb), (ii) comment nous utilisons les informations recueillies, et (iii) le niveau de s\u00e9curit\u00e9 que nous fournissons pour [&hellip;]<\/p>\n","protected":false},"author":1,"featured_media":865,"parent":0,"menu_order":0,"comment_status":"closed","ping_status":"closed","template":"","meta":{"_et_pb_use_builder":"on","_et_pb_old_content":"","_et_gb_content_width":""},"_links":{"self":[{"href":"https:\/\/sumbaphotostories.com\/fr\/wp-json\/wp\/v2\/pages\/268524"}],"collection":[{"href":"https:\/\/sumbaphotostories.com\/fr\/wp-json\/wp\/v2\/pages"}],"about":[{"href":"https:\/\/sumbaphotostories.com\/fr\/wp-json\/wp\/v2\/types\/page"}],"author":[{"embeddable":true,"href":"https:\/\/sumbaphotostories.com\/fr\/wp-json\/wp\/v2\/users\/1"}],"replies":[{"embeddable":true,"href":"https:\/\/sumbaphotostories.com\/fr\/wp-json\/wp\/v2\/comments?post=268524"}],"version-history":[{"count":0,"href":"https:\/\/sumbaphotostories.com\/fr\/wp-json\/wp\/v2\/pages\/268524\/revisions"}],"wp:featuredmedia":[{"embeddable":true,"href":"https:\/\/sumbaphotostories.com\/fr\/wp-json\/wp\/v2\/media\/865"}],"wp:attachment":[{"href":"https:\/\/sumbaphotostories.com\/fr\/wp-json\/wp\/v2\/media?parent=268524"}],"curies":[{"name":"wp","href":"https:\/\/api.w.org\/{rel}","templated":true}]}}